{"id":1613,"date":"2023-12-29T06:56:23","date_gmt":"2023-12-29T06:56:23","guid":{"rendered":"https:\/\/ee065903b4.nxcli.io\/our-story-travel-to-machu-picchu\/"},"modified":"2026-02-05T07:49:33","modified_gmt":"2026-02-05T07:49:33","slug":"nuestra-historia","status":"publish","type":"page","link":"https:\/\/www.cusitravel.com\/es\/nuestra-historia\/","title":{"rendered":"Nuestra Historia"},"content":{"rendered":"\t\t<div data-elementor-type=\"wp-page\" data-elementor-id=\"1613\" class=\"elementor elementor-1613\" data-elementor-post-type=\"page\">\n\t\t\t\t<div class=\"elementor-element elementor-element-9df541c e-con-full e-flex e-con e-parent\" data-id=\"9df541c\" data-element_type=\"container\" data-e-type=\"container\">\n\t\t\t\t<div class=\"elementor-element elementor-element-29a26b4 elementor-widget elementor-widget-shortcode\" data-id=\"29a26b4\" data-element_type=\"widget\" data-e-type=\"widget\" data-widget_type=\"shortcode.default\">\n\t\t\t\t<div class=\"elementor-widget-container\">\n\t\t\t\t\t\t\t<div class=\"elementor-shortcode\"><\/div>\n\t\t\t\t\t\t<\/div>\n\t\t\t\t<\/div>\n\t\t\t\t<\/div>\n\t\t<div class=\"elementor-element elementor-element-1f04cf5 e-flex e-con-boxed e-con e-parent\" data-id=\"1f04cf5\" data-element_type=\"container\" data-e-type=\"container\">\n\t\t\t\t\t<div class=\"e-con-inner\">\n\t\t\t\t\t<\/div>\n\t\t\t\t<\/div>\n\t\t<div class=\"elementor-element elementor-element-2212c7c e-flex e-con-boxed e-con e-parent\" data-id=\"2212c7c\" data-element_type=\"container\" data-e-type=\"container\">\n\t\t\t\t\t<div class=\"e-con-inner\">\n\t\t<div class=\"elementor-element elementor-element-c613fc4 e-con-full e-flex e-con e-child\" data-id=\"c613fc4\" data-element_type=\"container\" data-e-type=\"container\">\n\t\t\t\t<div class=\"elementor-element elementor-element-67634b7 elementor-widget elementor-widget-heading\" data-id=\"67634b7\" data-element_type=\"widget\" data-e-type=\"widget\" data-widget_type=\"heading.default\">\n\t\t\t\t<div class=\"elementor-widget-container\">\n\t\t\t\t\t<h2 class=\"elementor-heading-title elementor-size-default\">Un mensaje del due\u00f1o:<\/h2>\t\t\t\t<\/div>\n\t\t\t\t<\/div>\n\t\t\t\t<div class=\"elementor-element elementor-element-1d198e7 elementor-widget elementor-widget-text-editor\" data-id=\"1d198e7\" data-element_type=\"widget\" data-e-type=\"widget\" data-widget_type=\"text-editor.default\">\n\t\t\t\t<div class=\"elementor-widget-container\">\n\t\t\t\t\t\t\t\t\t<p>Mi nombre es Jos\u00e9 Cusi y nac\u00ed en el Cusco, Per\u00fa. Cuando era ni\u00f1o viv\u00ed y crec\u00ed con mis abuelos en un pueblo andino agr\u00edcola llamado Huayllacocha, donde muchos de mis parientes a\u00fan siguen viviendo. En el pueblo, asist\u00ed a la escuela primaria y aprend\u00ed mi lengua materna, Quechua, el idioma de los Incas. A una edad temprana, se me desarroll\u00f3 el inter\u00e9s especial en explorar las monta\u00f1as, aprender sobre las plantas nativas, animales, y costumbres locales. Me encantaba aprender sobre las plantas que utilizan la gente nativa para hacer medicinas, champ\u00fas, y tintes para los tejidos. Tambi\u00e9n yo crec\u00ed cuidando los campos agr\u00edcolas y los animales ayudando a mis abuelos en diferentes actividades como plantar, cosechar, y alimentar a los animales.<\/p><p>Despu\u00e9s de la escuela primaria, mis padres me llevaron a Cusco para el colegio y la universidad. Aprend\u00ed espa\u00f1ol e ingl\u00e9s y termine una carrera profesional en el turismo y la administraci\u00f3n. Despu\u00e9s de graduarme, Trabaj\u00e9 por 12 a\u00f1os como gu\u00eda tur\u00edstico, liderando cientos de grupos a Machu Picchu y por las monta\u00f1as de los Andes. La seguridad siempre es la primera prioridad, por lo cual tengo entrenamiento amplio en primeros auxilios y RCP y otros conocimientos cruciales para las caminatas de aventura. Mis experiencias viajando a los Estados Unidos, Ecuador, Bolivia, Brasil, y Argentina me han ensa\u00f1ado como a ver la perspectiva de un viajero. En los viajes aprend\u00ed como proveer un servicio de primera clase a pasajeros apasionados.<\/p><p>Ahora, soy muy afortunado de tener la oportunidad de ser due\u00f1o y administrar Cusi Travel. \u201cCusi,\u201d mi apellido, significa \u201cfeliz\u201d en Quechua. Me encanta compartir mis conocimientos de costumbres locales, historia, cultura y fotograf\u00eda con pasajeros de todas partes del mundo. Soy orgulloso de mi pa\u00eds y herencia, y me asegurare que usted tenga un viaje inolvidable al Per\u00fa.<\/p>\t\t\t\t\t\t\t\t<\/div>\n\t\t\t\t<\/div>\n\t\t\t\t<\/div>\n\t\t<div class=\"elementor-element elementor-element-c654e94 e-con-full e-flex e-con e-child\" data-id=\"c654e94\" data-element_type=\"container\" data-e-type=\"container\">\n\t\t\t\t<div class=\"elementor-element elementor-element-bc72013 elementor-widget elementor-widget-image\" data-id=\"bc72013\" data-element_type=\"widget\" data-e-type=\"widget\" data-widget_type=\"image.default\">\n\t\t\t\t<div class=\"elementor-widget-container\">\n\t\t\t\t\t\t\t\t\t\t\t\t\t\t\t<img fetchpriority=\"high\" decoding=\"async\" width=\"315\" height=\"473\" src=\"https:\/\/www.cusitravel.com\/wp-content\/uploads\/2023\/12\/Jose-Cusi-Photo.jpg\" class=\"attachment-large size-large wp-image-748\" alt=\"\" srcset=\"https:\/\/www.cusitravel.com\/wp-content\/uploads\/2023\/12\/Jose-Cusi-Photo.jpg 315w, https:\/\/www.cusitravel.com\/wp-content\/uploads\/2023\/12\/Jose-Cusi-Photo-200x300.jpg 200w\" sizes=\"(max-width: 315px) 100vw, 315px\" \/>\t\t\t\t\t\t\t\t\t\t\t\t\t\t\t<\/div>\n\t\t\t\t<\/div>\n\t\t\t\t<\/div>\n\t\t\t\t\t<\/div>\n\t\t\t\t<\/div>\n\t\t<div class=\"elementor-element elementor-element-d397fab e-flex e-con-boxed e-con e-parent\" data-id=\"d397fab\" data-element_type=\"container\" data-e-type=\"container\">\n\t\t\t\t\t<div class=\"e-con-inner\">\n\t\t<div class=\"elementor-element elementor-element-be41add e-con-full e-flex e-con e-child\" data-id=\"be41add\" data-element_type=\"container\" data-e-type=\"container\">\n\t\t\t\t<div class=\"elementor-element elementor-element-3ee0440 elementor-widget elementor-widget-heading\" data-id=\"3ee0440\" data-element_type=\"widget\" data-e-type=\"widget\" data-widget_type=\"heading.default\">\n\t\t\t\t<div class=\"elementor-widget-container\">\n\t\t\t\t\t<h2 class=\"elementor-heading-title elementor-size-default\">Nuestra misi\u00f3n:<\/h2>\t\t\t\t<\/div>\n\t\t\t\t<\/div>\n\t\t\t\t<div class=\"elementor-element elementor-element-9b3a083 elementor-widget elementor-widget-text-editor\" data-id=\"9b3a083\" data-element_type=\"widget\" data-e-type=\"widget\" data-widget_type=\"text-editor.default\">\n\t\t\t\t<div class=\"elementor-widget-container\">\n\t\t\t\t\t\t\t\t\t<p>La misi\u00f3n de Cusi Travel es proporcionar una experiencia de primera calidad a los viajeros de todo el mundo. Para su comodidad, utilizamos equipo de la alta calidad y nuestros cocineros sirven comidas interesantes, deliciosas, y alimenticias. Nuestro personal profesional est\u00e1 conectado estrechamente al campo y a las costumbres locales. Todas nuestras operaciones son organizadas de una manera responsable y sostenible, preservando nuestro medio ambiente y concentradas ayudar a las comunidades locales. Combinando la cultura, historia, y la interacci\u00f3n con la gente local Cusi Travel hace cada momento de su viaje sea una experiencia cultural.<\/p>\t\t\t\t\t\t\t\t<\/div>\n\t\t\t\t<\/div>\n\t\t\t\t<\/div>\n\t\t<div class=\"elementor-element elementor-element-e1ff787 e-con-full e-flex e-con e-child\" data-id=\"e1ff787\" data-element_type=\"container\" data-e-type=\"container\">\n\t\t\t\t<div class=\"elementor-element elementor-element-1a29cf7 elementor-widget elementor-widget-heading\" data-id=\"1a29cf7\" data-element_type=\"widget\" data-e-type=\"widget\" data-widget_type=\"heading.default\">\n\t\t\t\t<div class=\"elementor-widget-container\">\n\t\t\t\t\t<h2 class=\"elementor-heading-title elementor-size-default\">Nuestra historia:<\/h2>\t\t\t\t<\/div>\n\t\t\t\t<\/div>\n\t\t\t\t<div class=\"elementor-element elementor-element-82e5f2f elementor-widget elementor-widget-text-editor\" data-id=\"82e5f2f\" data-element_type=\"widget\" data-e-type=\"widget\" data-widget_type=\"text-editor.default\">\n\t\t\t\t<div class=\"elementor-widget-container\">\n\t\t\t\t\t\t\t\t\t<p>Mediante el trabajando como un gu\u00eda, Jos\u00e9 Cusi descubri\u00f3 que muchas agencias en Cusco maltratan a sus empleados. Muchas agencias contratan gu\u00edas de las ciudades o de otros pa\u00edses, limitando los conocimientos que pueden ofrecer a los pasajeros. Los porteros generalmente son contratados del campo pero muchas veces son mal pagados y maltratados por la agencia.<\/p><p>Para hacer un cambio positivo en la industria del turismo, Jos\u00e9 Cusi decidi\u00f3 empezar su propia agencia con la prioridad de fortalecer y motivar a los gu\u00edas y porteadores de las peque\u00f1as comunidades andinas. Nuestros Quechuas (porteadores) son los hombres que llevan el equipaje en el Camino Inca, son apreciados, bien pagados, y tratados justamente. Los llamamos \u201cQuechuas,\u201d como la tradici\u00f3n llamar a los porteadores \u201csherpas\u201d en las monta\u00f1as de las Himalayas. Llamando a nuestros porteadores \u201cQuechuas\u201d creamos una conciencia en ellos de sentirse orgulloso por hacer el trabajo crucial que hacen al apoyar nuestros tours.<\/p><p>Teniendo esta misi\u00f3n en cuenta, Cusi Travel ofrece una variedad de experiencias a los viajeros. Usted puede visitar la ciudad del Cusco, el Valle Sagrado, o la ciudad Inca de Machu Picchu. Puede caminar por los senderos populares que llevan a Machu Picchu o puede elegir caminatas alternativas que son fuera de lo com\u00fan. Cualquier tour o paquete que escoja, Cusi Travel har\u00e1 que cada detalle de su viaje sea una experiencia cultural, ensa\u00f1\u00e1ndole frases en quechua, sirviendo comidas tradicionales hechas en casa, y se\u00f1al\u00e1ndole las constelaciones que brillan claramente en el cielo andino.<\/p>\t\t\t\t\t\t\t\t<\/div>\n\t\t\t\t<\/div>\n\t\t\t\t<\/div>\n\t\t\t\t\t<\/div>\n\t\t\t\t<\/div>\n\t\t\t\t<\/div>\n\t\t","protected":false},"excerpt":{"rendered":"<p>Un mensaje del due\u00f1o: Mi nombre es Jos\u00e9 Cusi y nac\u00ed en el Cusco, Per\u00fa. Cuando era ni\u00f1o viv\u00ed y crec\u00ed con mis abuelos en un pueblo andino agr\u00edcola llamado Huayllacocha, donde muchos de mis parientes a\u00fan siguen viviendo. En el pueblo, asist\u00ed a la escuela primaria y aprend\u00ed mi lengua materna, Quechua, el idioma &hellip;<\/p>\n<p class=\"read-more\"> <a class=\"\" href=\"https:\/\/www.cusitravel.com\/es\/nuestra-historia\/\"> <span class=\"screen-reader-text\">Nuestra Historia<\/span> Leer m\u00e1s &raquo;<\/a><\/p>\n","protected":false},"author":2,"featured_media":0,"parent":0,"menu_order":0,"comment_status":"closed","ping_status":"closed","template":"","meta":{"site-sidebar-layout":"no-sidebar","site-content-layout":"","ast-site-content-layout":"full-width-container","site-content-style":"default","site-sidebar-style":"default","ast-global-header-display":"","ast-banner-title-visibility":"","ast-main-header-display":"","ast-hfb-above-header-display":"","ast-hfb-below-header-display":"","ast-hfb-mobile-header-display":"","site-post-title":"disabled","ast-breadcrumbs-content":"","ast-featured-img":"disabled","footer-sml-layout":"","theme-transparent-header-meta":"","adv-header-id-meta":"","stick-header-meta":"","header-above-stick-meta":"","header-main-stick-meta":"","header-below-stick-meta":"","astra-migrate-meta-layouts":"default","ast-page-background-enabled":"default","ast-page-background-meta":{"desktop":{"background-color":"var(--ast-global-color-4)","background-image":"","background-repeat":"repeat","background-position":"center center","background-size":"auto","background-attachment":"scroll","background-type":"","background-media":"","overlay-type":"","overlay-color":"","overlay-gradient":""},"tablet":{"background-color":"","background-image":"","background-repeat":"repeat","background-position":"center center","background-size":"auto","background-attachment":"scroll","background-type":"","background-media":"","overlay-type":"","overlay-color":"","overlay-gradient":""},"mobile":{"background-color":"","background-image":"","background-repeat":"repeat","background-position":"center center","background-size":"auto","background-attachment":"scroll","background-type":"","background-media":"","overlay-type":"","overlay-color":"","overlay-gradient":""}},"ast-content-background-meta":{"desktop":{"background-color":"var(--ast-global-color-5)","background-image":"","background-repeat":"repeat","background-position":"center center","background-size":"auto","background-attachment":"scroll","background-type":"","background-media":"","overlay-type":"","overlay-color":"","overlay-gradient":""},"tablet":{"background-color":"var(--ast-global-color-5)","background-image":"","background-repeat":"repeat","background-position":"center center","background-size":"auto","background-attachment":"scroll","background-type":"","background-media":"","overlay-type":"","overlay-color":"","overlay-gradient":""},"mobile":{"background-color":"var(--ast-global-color-5)","background-image":"","background-repeat":"repeat","background-position":"center center","background-size":"auto","background-attachment":"scroll","background-type":"","background-media":"","overlay-type":"","overlay-color":"","overlay-gradient":""}},"footnotes":""},"class_list":["post-1613","page","type-page","status-publish","hentry"],"_links":{"self":[{"href":"https:\/\/www.cusitravel.com\/es\/wp-json\/wp\/v2\/pages\/1613","targetHints":{"allow":["GET"]}}],"collection":[{"href":"https:\/\/www.cusitravel.com\/es\/wp-json\/wp\/v2\/pages"}],"about":[{"href":"https:\/\/www.cusitravel.com\/es\/wp-json\/wp\/v2\/types\/page"}],"author":[{"embeddable":true,"href":"https:\/\/www.cusitravel.com\/es\/wp-json\/wp\/v2\/users\/2"}],"replies":[{"embeddable":true,"href":"https:\/\/www.cusitravel.com\/es\/wp-json\/wp\/v2\/comments?post=1613"}],"version-history":[{"count":20,"href":"https:\/\/www.cusitravel.com\/es\/wp-json\/wp\/v2\/pages\/1613\/revisions"}],"predecessor-version":[{"id":2500,"href":"https:\/\/www.cusitravel.com\/es\/wp-json\/wp\/v2\/pages\/1613\/revisions\/2500"}],"wp:attachment":[{"href":"https:\/\/www.cusitravel.com\/es\/wp-json\/wp\/v2\/media?parent=1613"}],"curies":[{"name":"wp","href":"https:\/\/api.w.org\/{rel}","templated":true}]}}